{"id":6,"date":"2026-01-03T11:12:00","date_gmt":"2026-01-03T11:12:00","guid":{"rendered":"https:\/\/cnsfdz.com\/?page_id=6"},"modified":"2026-02-04T15:50:31","modified_gmt":"2026-02-04T15:50:31","slug":"home","status":"publish","type":"page","link":"https:\/\/cnsfdz.com\/fr\/","title":{"rendered":"Page d'accueil"},"content":{"rendered":"","protected":false},"excerpt":{"rendered":"","protected":false},"author":1,"featured_media":0,"parent":0,"menu_order":0,"comment_status":"closed","ping_status":"closed","template":"","meta":{"footnotes":""},"class_list":["post-6","page","type-page","status-publish","hentry"],"yoast_head":"<!-- This site is optimized with the Yoast SEO Premium plugin v26.9 (Yoast SEO v26.9) - https:\/\/yoast.com\/product\/yoast-seo-premium-wordpress\/ -->\n<title>\u8d5b\u5cf0\u7535\u5b50 - \u4e13\u4e1a\u5206\u6d41\u5668\u5236\u9020\u5546 | \u7535\u6d41\u5206\u6d41\u5668\/\u9530\u94dc\u5206\u6d41\u5668\/\u7cbe\u5bc6\u5206\u6d41\u5668<\/title>\n<meta name=\"description\" content=\"\u6d59\u6c5f\u8d5b\u5cf0\u7535\u5b50\u4e13\u6ce8\u5206\u6d41\u5668\u7814\u53d1\u5236\u9020\u8fd130\u5e74\uff0c\u63d0\u4f9bFL-2\u578b\u3001FL-U\u578b\u3001\u51fa\u53e3\u578b\u7b49\u5168\u7cfb\u5217\u5206\u6d41\u5668\uff0c\u7cbe\u5ea6\u8fbe0.2\u7ea7\uff0c\u5e7f\u6cdb\u5e94\u7528\u4e8e\u65b0\u80fd\u6e90\u6c7d\u8f66BMS\u3001\u50a8\u80fd\u7cfb\u7edf\u3001\u5145\u7535\u6869\u3001\u5149\u4f0f\u9006\u53d8\u5668\u7b49\u9886\u57df\u3002\" \/>\n<meta name=\"robots\" content=\"index, follow, max-snippet:-1, max-image-preview:large, max-video-preview:-1\" \/>\n<link rel=\"canonical\" href=\"https:\/\/cnsfdz.com\/fr\/\" \/>\n<meta property=\"og:locale\" content=\"fr_FR\" \/>\n<meta property=\"og:type\" content=\"article\" \/>\n<meta property=\"og:title\" content=\"\u9996\u9875\" \/>\n<meta property=\"og:description\" content=\"\u6d59\u6c5f\u8d5b\u5cf0\u7535\u5b50\u4e13\u6ce8\u5206\u6d41\u5668\u7814\u53d1\u5236\u9020\u8fd130\u5e74\uff0c\u63d0\u4f9bFL-2\u578b\u3001FL-U\u578b\u3001\u51fa\u53e3\u578b\u7b49\u5168\u7cfb\u5217\u5206\u6d41\u5668\uff0c\u7cbe\u5ea6\u8fbe0.2\u7ea7\uff0c\u5e7f\u6cdb\u5e94\u7528\u4e8e\u65b0\u80fd\u6e90\u6c7d\u8f66BMS\u3001\u50a8\u80fd\u7cfb\u7edf\u3001\u5145\u7535\u6869\u3001\u5149\u4f0f\u9006\u53d8\u5668\u7b49\u9886\u57df\u3002\" \/>\n<meta property=\"og:url\" content=\"https:\/\/cnsfdz.com\/fr\/\" \/>\n<meta property=\"og:site_name\" content=\"\u8d5b\u5cf0\u7535\u5b50\" \/>\n<meta property=\"article:modified_time\" content=\"2026-02-04T15:50:31+00:00\" \/>\n<meta name=\"twitter:card\" content=\"summary_large_image\" \/>\n<script type=\"application\/ld+json\" class=\"yoast-schema-graph\">{\"@context\":\"https:\/\/schema.org\",\"@graph\":[{\"@type\":\"WebPage\",\"@id\":\"https:\/\/cnsfdz.com\/\",\"url\":\"https:\/\/cnsfdz.com\/\",\"name\":\"\u8d5b\u5cf0\u7535\u5b50 - \u4e13\u4e1a\u5206\u6d41\u5668\u5236\u9020\u5546 | \u7535\u6d41\u5206\u6d41\u5668\/\u9530\u94dc\u5206\u6d41\u5668\/\u7cbe\u5bc6\u5206\u6d41\u5668\",\"isPartOf\":{\"@id\":\"https:\/\/cnsfdz.com\/#website\"},\"datePublished\":\"2026-01-03T11:12:00+00:00\",\"dateModified\":\"2026-02-04T15:50:31+00:00\",\"description\":\"\u6d59\u6c5f\u8d5b\u5cf0\u7535\u5b50\u4e13\u6ce8\u5206\u6d41\u5668\u7814\u53d1\u5236\u9020\u8fd130\u5e74\uff0c\u63d0\u4f9bFL-2\u578b\u3001FL-U\u578b\u3001\u51fa\u53e3\u578b\u7b49\u5168\u7cfb\u5217\u5206\u6d41\u5668\uff0c\u7cbe\u5ea6\u8fbe0.2\u7ea7\uff0c\u5e7f\u6cdb\u5e94\u7528\u4e8e\u65b0\u80fd\u6e90\u6c7d\u8f66BMS\u3001\u50a8\u80fd\u7cfb\u7edf\u3001\u5145\u7535\u6869\u3001\u5149\u4f0f\u9006\u53d8\u5668\u7b49\u9886\u57df\u3002\",\"breadcrumb\":{\"@id\":\"https:\/\/cnsfdz.com\/#breadcrumb\"},\"inLanguage\":\"fr-FR\",\"potentialAction\":[{\"@type\":\"ReadAction\",\"target\":[\"https:\/\/cnsfdz.com\/\"]}]},{\"@type\":\"BreadcrumbList\",\"@id\":\"https:\/\/cnsfdz.com\/#breadcrumb\",\"itemListElement\":[{\"@type\":\"ListItem\",\"position\":1,\"name\":\"Home\",\"item\":\"https:\/\/cnsfdz.com\/\"},{\"@type\":\"ListItem\",\"position\":2,\"name\":\"\u9996\u9875\"}]},{\"@type\":\"WebSite\",\"@id\":\"https:\/\/cnsfdz.com\/#website\",\"url\":\"https:\/\/cnsfdz.com\/\",\"name\":\"\u8d5b\u5cf0\u7535\u5b50\",\"description\":\"\u4e13\u4e1a\u5206\u6d41\u5668\u5236\u9020\u5546 | \u7535\u6d41\u5206\u6d41\u5668\/\u9530\u94dc\u5206\u6d41\u5668\/\u7cbe\u5bc6\u5206\u6d41\u5668\",\"potentialAction\":[{\"@type\":\"SearchAction\",\"target\":{\"@type\":\"EntryPoint\",\"urlTemplate\":\"https:\/\/cnsfdz.com\/?s={search_term_string}\"},\"query-input\":{\"@type\":\"PropertyValueSpecification\",\"valueRequired\":true,\"valueName\":\"search_term_string\"}}],\"inLanguage\":\"fr-FR\"}]}<\/script>\n<!-- \/ Yoast SEO Premium plugin. -->","yoast_head_json":{"title":"Safran - Fabricant professionnel de shunts | Shunts de courant \/ Shunts en cuivre au mangan\u00e8se \/ Shunts de pr\u00e9cision","description":"Zhejiang Safran Electronics se concentre sur la R&amp;D et la fabrication de shunts depuis pr\u00e8s de 30 ans, fournissant une gamme compl\u00e8te de shunts tels que le type FL-2, le type FL-U, le type export, etc., avec une pr\u00e9cision de 0,2 grade, qui sont largement utilis\u00e9s dans les domaines du BMS des nouvelles \u00e9nergies automobiles, du syst\u00e8me de stockage de l'\u00e9nergie, des piles de chargement, des onduleurs photovolta\u00efques, etc.","robots":{"index":"index","follow":"follow","max-snippet":"max-snippet:-1","max-image-preview":"max-image-preview:large","max-video-preview":"max-video-preview:-1"},"canonical":"https:\/\/cnsfdz.com\/fr\/","og_locale":"fr_FR","og_type":"article","og_title":"\u9996\u9875","og_description":"\u6d59\u6c5f\u8d5b\u5cf0\u7535\u5b50\u4e13\u6ce8\u5206\u6d41\u5668\u7814\u53d1\u5236\u9020\u8fd130\u5e74\uff0c\u63d0\u4f9bFL-2\u578b\u3001FL-U\u578b\u3001\u51fa\u53e3\u578b\u7b49\u5168\u7cfb\u5217\u5206\u6d41\u5668\uff0c\u7cbe\u5ea6\u8fbe0.2\u7ea7\uff0c\u5e7f\u6cdb\u5e94\u7528\u4e8e\u65b0\u80fd\u6e90\u6c7d\u8f66BMS\u3001\u50a8\u80fd\u7cfb\u7edf\u3001\u5145\u7535\u6869\u3001\u5149\u4f0f\u9006\u53d8\u5668\u7b49\u9886\u57df\u3002","og_url":"https:\/\/cnsfdz.com\/fr\/","og_site_name":"\u8d5b\u5cf0\u7535\u5b50","article_modified_time":"2026-02-04T15:50:31+00:00","twitter_card":"summary_large_image","schema":{"@context":"https:\/\/schema.org","@graph":[{"@type":"WebPage","@id":"https:\/\/cnsfdz.com\/","url":"https:\/\/cnsfdz.com\/","name":"Safran - Fabricant professionnel de shunts | Shunts de courant \/ Shunts en cuivre au mangan\u00e8se \/ Shunts de pr\u00e9cision","isPartOf":{"@id":"https:\/\/cnsfdz.com\/#website"},"datePublished":"2026-01-03T11:12:00+00:00","dateModified":"2026-02-04T15:50:31+00:00","description":"Zhejiang Safran Electronics se concentre sur la R&amp;D et la fabrication de shunts depuis pr\u00e8s de 30 ans, fournissant une gamme compl\u00e8te de shunts tels que le type FL-2, le type FL-U, le type export, etc., avec une pr\u00e9cision de 0,2 grade, qui sont largement utilis\u00e9s dans les domaines du BMS des nouvelles \u00e9nergies automobiles, du syst\u00e8me de stockage de l'\u00e9nergie, des piles de chargement, des onduleurs photovolta\u00efques, etc.","breadcrumb":{"@id":"https:\/\/cnsfdz.com\/#breadcrumb"},"inLanguage":"fr-FR","potentialAction":[{"@type":"ReadAction","target":["https:\/\/cnsfdz.com\/"]}]},{"@type":"BreadcrumbList","@id":"https:\/\/cnsfdz.com\/#breadcrumb","itemListElement":[{"@type":"ListItem","position":1,"name":"Home","item":"https:\/\/cnsfdz.com\/"},{"@type":"ListItem","position":2,"name":"\u9996\u9875"}]},{"@type":"WebSite","@id":"https:\/\/cnsfdz.com\/#website","url":"https:\/\/cnsfdz.com\/","name":"Safran Electronics","description":"Fabricant professionnel de shunts | Shunt de courant \/ Shunt en cuivre au mangan\u00e8se \/ Shunt de pr\u00e9cision","potentialAction":[{"@type":"SearchAction","target":{"@type":"EntryPoint","urlTemplate":"https:\/\/cnsfdz.com\/?s={search_term_string}"},"query-input":{"@type":"PropertyValueSpecification","valueRequired":true,"valueName":"search_term_string"}}],"inLanguage":"fr-FR"}]}},"_links":{"self":[{"href":"https:\/\/cnsfdz.com\/fr\/wp-json\/wp\/v2\/pages\/6","targetHints":{"allow":["GET"]}}],"collection":[{"href":"https:\/\/cnsfdz.com\/fr\/wp-json\/wp\/v2\/pages"}],"about":[{"href":"https:\/\/cnsfdz.com\/fr\/wp-json\/wp\/v2\/types\/page"}],"author":[{"embeddable":true,"href":"https:\/\/cnsfdz.com\/fr\/wp-json\/wp\/v2\/users\/1"}],"replies":[{"embeddable":true,"href":"https:\/\/cnsfdz.com\/fr\/wp-json\/wp\/v2\/comments?post=6"}],"version-history":[{"count":1,"href":"https:\/\/cnsfdz.com\/fr\/wp-json\/wp\/v2\/pages\/6\/revisions"}],"predecessor-version":[{"id":911,"href":"https:\/\/cnsfdz.com\/fr\/wp-json\/wp\/v2\/pages\/6\/revisions\/911"}],"wp:attachment":[{"href":"https:\/\/cnsfdz.com\/fr\/wp-json\/wp\/v2\/media?parent=6"}],"curies":[{"name":"wp","href":"https:\/\/api.w.org\/{rel}","templated":true}]}}