{"id":17,"date":"2026-01-03T11:12:00","date_gmt":"2026-01-03T11:12:00","guid":{"rendered":"https:\/\/cnsfdz.com\/?page_id=17"},"modified":"2026-02-04T15:52:32","modified_gmt":"2026-02-04T15:52:32","slug":"a-propos-de","status":"publish","type":"page","link":"https:\/\/cnsfdz.com\/fr\/a-propos-de\/","title":{"rendered":"\u00c0 propos de nous"},"content":{"rendered":"","protected":false},"excerpt":{"rendered":"","protected":false},"author":1,"featured_media":0,"parent":0,"menu_order":0,"comment_status":"closed","ping_status":"closed","template":"page-templates\/template-about.php","meta":{"footnotes":""},"class_list":["post-17","page","type-page","status-publish","hentry"],"yoast_head":"<!-- This site is optimized with the Yoast SEO Premium plugin v26.9 (Yoast SEO v26.9) - https:\/\/yoast.com\/product\/yoast-seo-premium-wordpress\/ -->\n<title>\u5173\u4e8e\u8d5b\u5cf0\u7535\u5b50 - \u59cb\u4e8e1996\u5e74\u7684\u4e13\u4e1a\u5206\u6d41\u5668\u5236\u9020\u5546<\/title>\n<meta name=\"description\" content=\"\u6d59\u6c5f\u8d5b\u5cf0\u7535\u5b50\u521b\u7acb\u4e8e1996\u5e74\uff0c\u4e13\u6ce8\u7cbe\u5bc6\u7535\u6d41\u5206\u6d41\u5668\u7814\u53d1\u4e0e\u5236\u9020\u8fd130\u5e74\uff0c\u62e5\u6709\u7535\u5b50\u675f\u710a\u63a5\u7b49\u6838\u5fc3\u4e13\u5229\u6280\u672f\uff0c\u4ea7\u54c1\u8fdc\u9500\u5168\u740350\u591a\u4e2a\u56fd\u5bb6\u548c\u5730\u533a\u3002\" \/>\n<meta name=\"robots\" content=\"index, follow, max-snippet:-1, max-image-preview:large, max-video-preview:-1\" \/>\n<link rel=\"canonical\" href=\"https:\/\/cnsfdz.com\/fr\/a-propos-de\/\" \/>\n<meta property=\"og:locale\" content=\"fr_FR\" \/>\n<meta property=\"og:type\" content=\"article\" \/>\n<meta property=\"og:title\" content=\"\u5173\u4e8e\u6211\u4eec\" \/>\n<meta property=\"og:description\" content=\"\u6d59\u6c5f\u8d5b\u5cf0\u7535\u5b50\u521b\u7acb\u4e8e1996\u5e74\uff0c\u4e13\u6ce8\u7cbe\u5bc6\u7535\u6d41\u5206\u6d41\u5668\u7814\u53d1\u4e0e\u5236\u9020\u8fd130\u5e74\uff0c\u62e5\u6709\u7535\u5b50\u675f\u710a\u63a5\u7b49\u6838\u5fc3\u4e13\u5229\u6280\u672f\uff0c\u4ea7\u54c1\u8fdc\u9500\u5168\u740350\u591a\u4e2a\u56fd\u5bb6\u548c\u5730\u533a\u3002\" \/>\n<meta property=\"og:url\" content=\"https:\/\/cnsfdz.com\/fr\/a-propos-de\/\" \/>\n<meta property=\"og:site_name\" content=\"\u8d5b\u5cf0\u7535\u5b50\" \/>\n<meta property=\"article:modified_time\" content=\"2026-02-04T15:52:32+00:00\" \/>\n<meta name=\"twitter:card\" content=\"summary_large_image\" \/>\n<script type=\"application\/ld+json\" class=\"yoast-schema-graph\">{\"@context\":\"https:\/\/schema.org\",\"@graph\":[{\"@type\":\"WebPage\",\"@id\":\"https:\/\/cnsfdz.com\/about\/\",\"url\":\"https:\/\/cnsfdz.com\/about\/\",\"name\":\"\u5173\u4e8e\u8d5b\u5cf0\u7535\u5b50 - \u59cb\u4e8e1996\u5e74\u7684\u4e13\u4e1a\u5206\u6d41\u5668\u5236\u9020\u5546\",\"isPartOf\":{\"@id\":\"https:\/\/cnsfdz.com\/#website\"},\"datePublished\":\"2026-01-03T11:12:00+00:00\",\"dateModified\":\"2026-02-04T15:52:32+00:00\",\"description\":\"\u6d59\u6c5f\u8d5b\u5cf0\u7535\u5b50\u521b\u7acb\u4e8e1996\u5e74\uff0c\u4e13\u6ce8\u7cbe\u5bc6\u7535\u6d41\u5206\u6d41\u5668\u7814\u53d1\u4e0e\u5236\u9020\u8fd130\u5e74\uff0c\u62e5\u6709\u7535\u5b50\u675f\u710a\u63a5\u7b49\u6838\u5fc3\u4e13\u5229\u6280\u672f\uff0c\u4ea7\u54c1\u8fdc\u9500\u5168\u740350\u591a\u4e2a\u56fd\u5bb6\u548c\u5730\u533a\u3002\",\"breadcrumb\":{\"@id\":\"https:\/\/cnsfdz.com\/about\/#breadcrumb\"},\"inLanguage\":\"fr-FR\",\"potentialAction\":[{\"@type\":\"ReadAction\",\"target\":[\"https:\/\/cnsfdz.com\/about\/\"]}]},{\"@type\":\"BreadcrumbList\",\"@id\":\"https:\/\/cnsfdz.com\/about\/#breadcrumb\",\"itemListElement\":[{\"@type\":\"ListItem\",\"position\":1,\"name\":\"Home\",\"item\":\"https:\/\/cnsfdz.com\/\"},{\"@type\":\"ListItem\",\"position\":2,\"name\":\"\u5173\u4e8e\u6211\u4eec\"}]},{\"@type\":\"WebSite\",\"@id\":\"https:\/\/cnsfdz.com\/#website\",\"url\":\"https:\/\/cnsfdz.com\/\",\"name\":\"\u8d5b\u5cf0\u7535\u5b50\",\"description\":\"\u4e13\u4e1a\u5206\u6d41\u5668\u5236\u9020\u5546 | \u7535\u6d41\u5206\u6d41\u5668\/\u9530\u94dc\u5206\u6d41\u5668\/\u7cbe\u5bc6\u5206\u6d41\u5668\",\"potentialAction\":[{\"@type\":\"SearchAction\",\"target\":{\"@type\":\"EntryPoint\",\"urlTemplate\":\"https:\/\/cnsfdz.com\/?s={search_term_string}\"},\"query-input\":{\"@type\":\"PropertyValueSpecification\",\"valueRequired\":true,\"valueName\":\"search_term_string\"}}],\"inLanguage\":\"fr-FR\"}]}<\/script>\n<!-- \/ Yoast SEO Premium plugin. -->","yoast_head_json":{"title":"A propos de Safran - Fabricant de shunts sp\u00e9cialis\u00e9 depuis 1996","description":"Zhejiang Safran Electronics a \u00e9t\u00e9 fond\u00e9e en 1996 et se concentre depuis pr\u00e8s de 30 ans sur le d\u00e9veloppement et la fabrication de shunts de courant de pr\u00e9cision. Ses produits sont export\u00e9s dans plus de 50 pays et r\u00e9gions du monde entier gr\u00e2ce \u00e0 des technologies de base brevet\u00e9es telles que le soudage par faisceau d'\u00e9lectrons.","robots":{"index":"index","follow":"follow","max-snippet":"max-snippet:-1","max-image-preview":"max-image-preview:large","max-video-preview":"max-video-preview:-1"},"canonical":"https:\/\/cnsfdz.com\/fr\/a-propos-de\/","og_locale":"fr_FR","og_type":"article","og_title":"\u5173\u4e8e\u6211\u4eec","og_description":"\u6d59\u6c5f\u8d5b\u5cf0\u7535\u5b50\u521b\u7acb\u4e8e1996\u5e74\uff0c\u4e13\u6ce8\u7cbe\u5bc6\u7535\u6d41\u5206\u6d41\u5668\u7814\u53d1\u4e0e\u5236\u9020\u8fd130\u5e74\uff0c\u62e5\u6709\u7535\u5b50\u675f\u710a\u63a5\u7b49\u6838\u5fc3\u4e13\u5229\u6280\u672f\uff0c\u4ea7\u54c1\u8fdc\u9500\u5168\u740350\u591a\u4e2a\u56fd\u5bb6\u548c\u5730\u533a\u3002","og_url":"https:\/\/cnsfdz.com\/fr\/a-propos-de\/","og_site_name":"\u8d5b\u5cf0\u7535\u5b50","article_modified_time":"2026-02-04T15:52:32+00:00","twitter_card":"summary_large_image","schema":{"@context":"https:\/\/schema.org","@graph":[{"@type":"WebPage","@id":"https:\/\/cnsfdz.com\/about\/","url":"https:\/\/cnsfdz.com\/about\/","name":"A propos de Safran - Fabricant de shunts sp\u00e9cialis\u00e9 depuis 1996","isPartOf":{"@id":"https:\/\/cnsfdz.com\/#website"},"datePublished":"2026-01-03T11:12:00+00:00","dateModified":"2026-02-04T15:52:32+00:00","description":"Zhejiang Safran Electronics a \u00e9t\u00e9 fond\u00e9e en 1996 et se concentre depuis pr\u00e8s de 30 ans sur le d\u00e9veloppement et la fabrication de shunts de courant de pr\u00e9cision. Ses produits sont export\u00e9s dans plus de 50 pays et r\u00e9gions du monde entier gr\u00e2ce \u00e0 des technologies de base brevet\u00e9es telles que le soudage par faisceau d'\u00e9lectrons.","breadcrumb":{"@id":"https:\/\/cnsfdz.com\/about\/#breadcrumb"},"inLanguage":"fr-FR","potentialAction":[{"@type":"ReadAction","target":["https:\/\/cnsfdz.com\/about\/"]}]},{"@type":"BreadcrumbList","@id":"https:\/\/cnsfdz.com\/about\/#breadcrumb","itemListElement":[{"@type":"ListItem","position":1,"name":"Home","item":"https:\/\/cnsfdz.com\/"},{"@type":"ListItem","position":2,"name":"\u5173\u4e8e\u6211\u4eec"}]},{"@type":"WebSite","@id":"https:\/\/cnsfdz.com\/#website","url":"https:\/\/cnsfdz.com\/","name":"Safran Electronics","description":"Fabricant professionnel de shunts | Shunt de courant \/ Shunt en cuivre au mangan\u00e8se \/ Shunt de pr\u00e9cision","potentialAction":[{"@type":"SearchAction","target":{"@type":"EntryPoint","urlTemplate":"https:\/\/cnsfdz.com\/?s={search_term_string}"},"query-input":{"@type":"PropertyValueSpecification","valueRequired":true,"valueName":"search_term_string"}}],"inLanguage":"fr-FR"}]}},"_links":{"self":[{"href":"https:\/\/cnsfdz.com\/fr\/wp-json\/wp\/v2\/pages\/17","targetHints":{"allow":["GET"]}}],"collection":[{"href":"https:\/\/cnsfdz.com\/fr\/wp-json\/wp\/v2\/pages"}],"about":[{"href":"https:\/\/cnsfdz.com\/fr\/wp-json\/wp\/v2\/types\/page"}],"author":[{"embeddable":true,"href":"https:\/\/cnsfdz.com\/fr\/wp-json\/wp\/v2\/users\/1"}],"replies":[{"embeddable":true,"href":"https:\/\/cnsfdz.com\/fr\/wp-json\/wp\/v2\/comments?post=17"}],"version-history":[{"count":1,"href":"https:\/\/cnsfdz.com\/fr\/wp-json\/wp\/v2\/pages\/17\/revisions"}],"predecessor-version":[{"id":152,"href":"https:\/\/cnsfdz.com\/fr\/wp-json\/wp\/v2\/pages\/17\/revisions\/152"}],"wp:attachment":[{"href":"https:\/\/cnsfdz.com\/fr\/wp-json\/wp\/v2\/media?parent=17"}],"curies":[{"name":"wp","href":"https:\/\/api.w.org\/{rel}","templated":true}]}}